{"id":57,"date":"2025-02-25T15:57:41","date_gmt":"2025-02-25T14:57:41","guid":{"rendered":"http:\/\/utv.menyit.se\/index.php\/about-us\/"},"modified":"2025-03-07T11:49:57","modified_gmt":"2025-03-07T10:49:57","slug":"om-systemet","status":"publish","type":"page","link":"http:\/\/utv.menyit.se\/index.php\/om-systemet\/","title":{"rendered":"Om systemet"},"content":{"rendered":"\t\t<div data-elementor-type=\"wp-page\" data-elementor-id=\"57\" class=\"elementor elementor-57\">\n\t\t\t\t\t\t<section class=\"elementor-section elementor-top-section elementor-element elementor-element-430282de elementor-section-content-middle elementor-section-full_width elementor-section-height-default elementor-section-height-default\" data-id=\"430282de\" data-element_type=\"section\" data-settings=\"{&quot;background_background&quot;:&quot;classic&quot;}\">\n\t\t\t\t\t\t\t<div class=\"elementor-background-overlay\"><\/div>\n\t\t\t\t\t\t\t<div class=\"elementor-container elementor-column-gap-no\">\n\t\t\t\t\t<div class=\"elementor-column elementor-col-100 elementor-top-column elementor-element elementor-element-4c03d6c4\" data-id=\"4c03d6c4\" data-element_type=\"column\">\n\t\t\t<div class=\"elementor-widget-wrap elementor-element-populated\">\n\t\t\t\t\t\t<section class=\"elementor-section elementor-inner-section elementor-element elementor-element-701139ee elementor-section-boxed elementor-section-height-default elementor-section-height-default\" data-id=\"701139ee\" data-element_type=\"section\">\n\t\t\t\t\t\t<div class=\"elementor-container elementor-column-gap-default\">\n\t\t\t\t\t<div class=\"elementor-column elementor-col-100 elementor-inner-column elementor-element elementor-element-44a079c3\" data-id=\"44a079c3\" data-element_type=\"column\">\n\t\t\t<div class=\"elementor-widget-wrap elementor-element-populated\">\n\t\t\t\t\t\t<div class=\"elementor-element elementor-element-6c3e96a6 animated-slow elementor-invisible elementor-widget elementor-widget-heading\" data-id=\"6c3e96a6\" data-element_type=\"widget\" data-settings=\"{&quot;_animation&quot;:&quot;fadeInUp&quot;,&quot;_animation_delay&quot;:100}\" data-widget_type=\"heading.default\">\n\t\t\t\t<div class=\"elementor-widget-container\">\n\t\t\t\t\t<h4 class=\"elementor-heading-title elementor-size-default\">V\u00e5rt system<\/h4>\t\t\t\t<\/div>\n\t\t\t\t<\/div>\n\t\t\t\t<div class=\"elementor-element elementor-element-28d717c8 elementor-widget-divider--view-line elementor-widget elementor-widget-divider\" data-id=\"28d717c8\" data-element_type=\"widget\" data-widget_type=\"divider.default\">\n\t\t\t\t<div class=\"elementor-widget-container\">\n\t\t\t\t\t\t\t<div class=\"elementor-divider\">\n\t\t\t<span class=\"elementor-divider-separator\">\n\t\t\t\t\t\t<\/span>\n\t\t<\/div>\n\t\t\t\t\t\t<\/div>\n\t\t\t\t<\/div>\n\t\t\t\t<div class=\"elementor-element elementor-element-3baf2ee7 animated-slow elementor-invisible elementor-widget elementor-widget-heading\" data-id=\"3baf2ee7\" data-element_type=\"widget\" data-settings=\"{&quot;_animation&quot;:&quot;fadeInUp&quot;}\" data-widget_type=\"heading.default\">\n\t\t\t\t<div class=\"elementor-widget-container\">\n\t\t\t\t\t<h2 class=\"elementor-heading-title elementor-size-default\">Funktioner som g\u00f6r skillnad<\/h2>\t\t\t\t<\/div>\n\t\t\t\t<\/div>\n\t\t\t\t\t<\/div>\n\t\t<\/div>\n\t\t\t\t\t<\/div>\n\t\t<\/section>\n\t\t\t\t<section class=\"elementor-section elementor-inner-section elementor-element elementor-element-111615eb elementor-section-full_width elementor-section-height-default elementor-section-height-default\" data-id=\"111615eb\" data-element_type=\"section\">\n\t\t\t\t\t\t<div class=\"elementor-container elementor-column-gap-default\">\n\t\t\t\t\t<div class=\"elementor-column elementor-col-50 elementor-inner-column elementor-element elementor-element-28d97e57\" data-id=\"28d97e57\" data-element_type=\"column\" data-settings=\"{&quot;background_background&quot;:&quot;classic&quot;}\">\n\t\t\t<div class=\"elementor-widget-wrap elementor-element-populated\">\n\t\t\t\t\t<div class=\"elementor-background-overlay\"><\/div>\n\t\t\t\t\t\t<div class=\"elementor-element elementor-element-53d68997 elementor-widget elementor-widget-image-box\" data-id=\"53d68997\" data-element_type=\"widget\" data-widget_type=\"image-box.default\">\n\t\t\t\t<div class=\"elementor-widget-container\">\n\t\t\t\t\t<div class=\"elementor-image-box-wrapper\"><div class=\"elementor-image-box-content\"><h3 class=\"elementor-image-box-title\">Bygg dina egna recept<\/h3><p class=\"elementor-image-box-description\">Med MenyIT kan du enkelt skapa och hantera recept. Systemet \u00e4r integrerat med DABAS, vilket g\u00f6r det m\u00f6jligt att koppla r\u00e5varor direkt till aktuella produktdatabaser. P\u00e5 s\u00e5 s\u00e4tt f\u00e5r du alltid uppdaterad information om ingredienser, n\u00e4ringsv\u00e4rden och allergener.<\/p><\/div><\/div>\t\t\t\t<\/div>\n\t\t\t\t<\/div>\n\t\t\t\t\t<\/div>\n\t\t<\/div>\n\t\t\t\t<div class=\"elementor-column elementor-col-50 elementor-inner-column elementor-element elementor-element-3b262c17\" data-id=\"3b262c17\" data-element_type=\"column\">\n\t\t\t<div class=\"elementor-widget-wrap\">\n\t\t\t\t\t\t\t<\/div>\n\t\t<\/div>\n\t\t\t\t\t<\/div>\n\t\t<\/section>\n\t\t\t\t<section class=\"elementor-section elementor-inner-section elementor-element elementor-element-14092fd9 elementor-section-full_width elementor-section-height-default elementor-section-height-default\" data-id=\"14092fd9\" data-element_type=\"section\">\n\t\t\t\t\t\t<div class=\"elementor-container elementor-column-gap-default\">\n\t\t\t\t\t<div class=\"elementor-column elementor-col-50 elementor-inner-column elementor-element elementor-element-6ef8d5cb\" data-id=\"6ef8d5cb\" data-element_type=\"column\">\n\t\t\t<div class=\"elementor-widget-wrap\">\n\t\t\t\t\t\t\t<\/div>\n\t\t<\/div>\n\t\t\t\t<div class=\"elementor-column elementor-col-50 elementor-inner-column elementor-element elementor-element-64739757\" data-id=\"64739757\" data-element_type=\"column\" data-settings=\"{&quot;background_background&quot;:&quot;classic&quot;}\">\n\t\t\t<div class=\"elementor-widget-wrap elementor-element-populated\">\n\t\t\t\t\t<div class=\"elementor-background-overlay\"><\/div>\n\t\t\t\t\t\t<div class=\"elementor-element elementor-element-7f7c6a0f elementor-widget elementor-widget-image-box\" data-id=\"7f7c6a0f\" data-element_type=\"widget\" data-widget_type=\"image-box.default\">\n\t\t\t\t<div class=\"elementor-widget-container\">\n\t\t\t\t\t<div class=\"elementor-image-box-wrapper\"><div class=\"elementor-image-box-content\"><h3 class=\"elementor-image-box-title\">Menyplanering<\/h3><p class=\"elementor-image-box-description\">Skapa veckomenyer och anpassa dem efter n\u00e4ringsbehov, budget och s\u00e4songens r\u00e5varor. Systemet s\u00e4kerst\u00e4ller att menyerna f\u00f6ljer g\u00e4llande n\u00e4ringsrekommendationer och specialkostkrav.<\/p><\/div><\/div>\t\t\t\t<\/div>\n\t\t\t\t<\/div>\n\t\t\t\t\t<\/div>\n\t\t<\/div>\n\t\t\t\t\t<\/div>\n\t\t<\/section>\n\t\t\t\t<section class=\"elementor-section elementor-inner-section elementor-element elementor-element-2de5f8b8 elementor-section-full_width elementor-section-height-default elementor-section-height-default\" data-id=\"2de5f8b8\" data-element_type=\"section\">\n\t\t\t\t\t\t<div class=\"elementor-container elementor-column-gap-default\">\n\t\t\t\t\t<div class=\"elementor-column elementor-col-50 elementor-inner-column elementor-element elementor-element-3f83952e\" data-id=\"3f83952e\" data-element_type=\"column\" data-settings=\"{&quot;background_background&quot;:&quot;classic&quot;}\">\n\t\t\t<div class=\"elementor-widget-wrap elementor-element-populated\">\n\t\t\t\t\t<div class=\"elementor-background-overlay\"><\/div>\n\t\t\t\t\t\t<div class=\"elementor-element elementor-element-37d32f3 elementor-widget elementor-widget-image-box\" data-id=\"37d32f3\" data-element_type=\"widget\" data-widget_type=\"image-box.default\">\n\t\t\t\t<div class=\"elementor-widget-container\">\n\t\t\t\t\t<div class=\"elementor-image-box-wrapper\"><div class=\"elementor-image-box-content\"><h3 class=\"elementor-image-box-title\">Best\u00e4llningshantering<\/h3><p class=\"elementor-image-box-description\"><b>Best\u00e4llningar fr\u00e5n k\u00f6k<\/b> \u2013 K\u00f6ken kan enkelt l\u00e4gga best\u00e4llningar baserade p\u00e5 sina menyer och aktuella behov.<br><br><b>Best\u00e4llningar fr\u00e5n leverant\u00f6rer<\/b> \u2013 Systemet \u00e4r integrerat med leverant\u00f6rers orderplattformar, vilket g\u00f6r det smidigt att hantera ink\u00f6p och s\u00e4kerst\u00e4lla r\u00e4tt lagerstatus.<\/p><\/div><\/div>\t\t\t\t<\/div>\n\t\t\t\t<\/div>\n\t\t\t\t\t<\/div>\n\t\t<\/div>\n\t\t\t\t<div class=\"elementor-column elementor-col-50 elementor-inner-column elementor-element elementor-element-4c9280d2\" data-id=\"4c9280d2\" data-element_type=\"column\">\n\t\t\t<div class=\"elementor-widget-wrap\">\n\t\t\t\t\t\t\t<\/div>\n\t\t<\/div>\n\t\t\t\t\t<\/div>\n\t\t<\/section>\n\t\t\t\t<section class=\"elementor-section elementor-inner-section elementor-element elementor-element-5d86ef88 elementor-section-full_width elementor-section-height-default elementor-section-height-default\" data-id=\"5d86ef88\" data-element_type=\"section\">\n\t\t\t\t\t\t<div class=\"elementor-container elementor-column-gap-default\">\n\t\t\t\t\t<div class=\"elementor-column elementor-col-50 elementor-inner-column elementor-element elementor-element-4b698c0e\" data-id=\"4b698c0e\" data-element_type=\"column\">\n\t\t\t<div class=\"elementor-widget-wrap\">\n\t\t\t\t\t\t\t<\/div>\n\t\t<\/div>\n\t\t\t\t<div class=\"elementor-column elementor-col-50 elementor-inner-column elementor-element elementor-element-e2367bc\" data-id=\"e2367bc\" data-element_type=\"column\" data-settings=\"{&quot;background_background&quot;:&quot;classic&quot;}\">\n\t\t\t<div class=\"elementor-widget-wrap elementor-element-populated\">\n\t\t\t\t\t<div class=\"elementor-background-overlay\"><\/div>\n\t\t\t\t\t\t<div class=\"elementor-element elementor-element-3e6c471 elementor-widget elementor-widget-image-box\" data-id=\"3e6c471\" data-element_type=\"widget\" data-widget_type=\"image-box.default\">\n\t\t\t\t<div class=\"elementor-widget-container\">\n\t\t\t\t\t<div class=\"elementor-image-box-wrapper\"><div class=\"elementor-image-box-content\"><h3 class=\"elementor-image-box-title\">Lagerhantering<\/h3><p class=\"elementor-image-box-description\">H\u00e5ll koll p\u00e5 ditt lagersaldo i realtid. Systemet hj\u00e4lper dig att optimera lagerniv\u00e5er, minska matsvinn och planera ink\u00f6p baserat p\u00e5 aktuellt lager.<\/p><\/div><\/div>\t\t\t\t<\/div>\n\t\t\t\t<\/div>\n\t\t\t\t\t<\/div>\n\t\t<\/div>\n\t\t\t\t\t<\/div>\n\t\t<\/section>\n\t\t\t\t<section class=\"elementor-section elementor-inner-section elementor-element elementor-element-03e0fbc elementor-section-full_width elementor-section-height-default elementor-section-height-default\" data-id=\"03e0fbc\" data-element_type=\"section\">\n\t\t\t\t\t\t<div class=\"elementor-container elementor-column-gap-default\">\n\t\t\t\t\t<div class=\"elementor-column elementor-col-50 elementor-inner-column elementor-element elementor-element-f5df47a\" data-id=\"f5df47a\" data-element_type=\"column\" data-settings=\"{&quot;background_background&quot;:&quot;classic&quot;}\">\n\t\t\t<div class=\"elementor-widget-wrap elementor-element-populated\">\n\t\t\t\t\t<div class=\"elementor-background-overlay\"><\/div>\n\t\t\t\t\t\t<div class=\"elementor-element elementor-element-d022384 elementor-widget elementor-widget-image-box\" data-id=\"d022384\" data-element_type=\"widget\" data-widget_type=\"image-box.default\">\n\t\t\t\t<div class=\"elementor-widget-container\">\n\t\t\t\t\t<div class=\"elementor-image-box-wrapper\"><div class=\"elementor-image-box-content\"><h3 class=\"elementor-image-box-title\">Centrallagring f\u00f6r dokument<\/h3><p class=\"elementor-image-box-description\">MenyIT erbjuder en s\u00e4ker och centraliserad dokumenthantering d\u00e4r du kan lagra viktiga dokument s\u00e5som leverant\u00f6rsavtal, n\u00e4ringsdeklarationer och hygienf\u00f6reskrifter.<\/p><\/div><\/div>\t\t\t\t<\/div>\n\t\t\t\t<\/div>\n\t\t\t\t\t<\/div>\n\t\t<\/div>\n\t\t\t\t<div class=\"elementor-column elementor-col-50 elementor-inner-column elementor-element elementor-element-bf91633\" data-id=\"bf91633\" data-element_type=\"column\">\n\t\t\t<div class=\"elementor-widget-wrap\">\n\t\t\t\t\t\t\t<\/div>\n\t\t<\/div>\n\t\t\t\t\t<\/div>\n\t\t<\/section>\n\t\t\t\t<section class=\"elementor-section elementor-inner-section elementor-element elementor-element-54dec91 elementor-section-full_width elementor-section-height-default elementor-section-height-default\" data-id=\"54dec91\" data-element_type=\"section\">\n\t\t\t\t\t\t<div class=\"elementor-container elementor-column-gap-default\">\n\t\t\t\t\t<div class=\"elementor-column elementor-col-50 elementor-inner-column elementor-element elementor-element-5dc4fd2\" data-id=\"5dc4fd2\" data-element_type=\"column\">\n\t\t\t<div class=\"elementor-widget-wrap\">\n\t\t\t\t\t\t\t<\/div>\n\t\t<\/div>\n\t\t\t\t<div class=\"elementor-column elementor-col-50 elementor-inner-column elementor-element elementor-element-2571e25\" data-id=\"2571e25\" data-element_type=\"column\" data-settings=\"{&quot;background_background&quot;:&quot;classic&quot;}\">\n\t\t\t<div class=\"elementor-widget-wrap elementor-element-populated\">\n\t\t\t\t\t<div class=\"elementor-background-overlay\"><\/div>\n\t\t\t\t\t\t<div class=\"elementor-element elementor-element-d2afc95 elementor-widget elementor-widget-image-box\" data-id=\"d2afc95\" data-element_type=\"widget\" data-widget_type=\"image-box.default\">\n\t\t\t\t<div class=\"elementor-widget-container\">\n\t\t\t\t\t<div class=\"elementor-image-box-wrapper\"><div class=\"elementor-image-box-content\"><h3 class=\"elementor-image-box-title\">Hantering av allergier och allergener<\/h3><p class=\"elementor-image-box-description\">Systemet s\u00e4kerst\u00e4ller att alla r\u00e4tter m\u00e4rks upp med allergener och specialkostalternativ. P\u00e5 s\u00e5 s\u00e4tt kan du enkelt informera b\u00e5de personal och g\u00e4ster om inneh\u00e5llet i varje r\u00e4tt och undvika allergiska reaktioner.<\/p><\/div><\/div>\t\t\t\t<\/div>\n\t\t\t\t<\/div>\n\t\t\t\t\t<\/div>\n\t\t<\/div>\n\t\t\t\t\t<\/div>\n\t\t<\/section>\n\t\t\t\t\t<\/div>\n\t\t<\/div>\n\t\t\t\t\t<\/div>\n\t\t<\/section>\n\t\t\t\t<\/div>\n\t\t","protected":false},"excerpt":{"rendered":"<p>V\u00e5rt system Funktioner som g\u00f6r skillnad Bygg dina egna recept Med MenyIT kan du enkelt skapa och hantera recept. Systemet \u00e4r integrerat med DABAS, vilket g\u00f6r det m\u00f6jligt att koppla r\u00e5varor direkt till aktuella produktdatabaser. P\u00e5 s\u00e5 s\u00e4tt f\u00e5r du alltid uppdaterad information om ingredienser, n\u00e4ringsv\u00e4rden och allergener. Menyplanering Skapa veckomenyer och anpassa dem efter [&hellip;]<\/p>\n","protected":false},"author":2,"featured_media":0,"parent":0,"menu_order":0,"comment_status":"closed","ping_status":"closed","template":"elementor_header_footer","meta":{"footnotes":""},"class_list":["post-57","page","type-page","status-publish","hentry"],"_links":{"self":[{"href":"http:\/\/utv.menyit.se\/index.php\/wp-json\/wp\/v2\/pages\/57","targetHints":{"allow":["GET"]}}],"collection":[{"href":"http:\/\/utv.menyit.se\/index.php\/wp-json\/wp\/v2\/pages"}],"about":[{"href":"http:\/\/utv.menyit.se\/index.php\/wp-json\/wp\/v2\/types\/page"}],"author":[{"embeddable":true,"href":"http:\/\/utv.menyit.se\/index.php\/wp-json\/wp\/v2\/users\/2"}],"replies":[{"embeddable":true,"href":"http:\/\/utv.menyit.se\/index.php\/wp-json\/wp\/v2\/comments?post=57"}],"version-history":[{"count":35,"href":"http:\/\/utv.menyit.se\/index.php\/wp-json\/wp\/v2\/pages\/57\/revisions"}],"predecessor-version":[{"id":290,"href":"http:\/\/utv.menyit.se\/index.php\/wp-json\/wp\/v2\/pages\/57\/revisions\/290"}],"wp:attachment":[{"href":"http:\/\/utv.menyit.se\/index.php\/wp-json\/wp\/v2\/media?parent=57"}],"curies":[{"name":"wp","href":"https:\/\/api.w.org\/{rel}","templated":true}]}}